{"id":3347,"date":"2023-11-13T10:40:19","date_gmt":"2023-11-13T16:40:19","guid":{"rendered":"https:\/\/www.askisfa.com\/panama\/"},"modified":"2025-01-07T10:25:51","modified_gmt":"2025-01-07T16:25:51","slug":"panama","status":"publish","type":"page","link":"https:\/\/www.askisfa.com\/es\/panama\/","title":{"rendered":"PANAM\u00c1 OFFICE"},"content":{"rendered":"\t\t<div data-elementor-type=\"wp-page\" data-elementor-id=\"3347\" class=\"elementor elementor-3347 elementor-1641\" data-elementor-post-type=\"page\">\n\t\t\t\t<div class=\"elementor-element elementor-element-784ec71a e-flex e-con-boxed e-con e-parent\" data-id=\"784ec71a\" data-element_type=\"container\" data-e-type=\"container\" data-settings=\"{&quot;background_background&quot;:&quot;classic&quot;}\">\n\t\t\t\t\t<div class=\"e-con-inner\">\n\t\t\t\t\t<\/div>\n\t\t\t\t<\/div>\n\t\t<div class=\"elementor-element elementor-element-5520f7da e-flex e-con-boxed e-con e-parent\" data-id=\"5520f7da\" data-element_type=\"container\" data-e-type=\"container\">\n\t\t\t\t\t<div class=\"e-con-inner\">\n\t\t\t\t<div class=\"elementor-element elementor-element-47b0718f pl-about-text elementor-widget elementor-widget-heading\" data-id=\"47b0718f\" data-element_type=\"widget\" data-e-type=\"widget\" data-widget_type=\"heading.default\">\n\t\t\t\t<div class=\"elementor-widget-container\">\n\t\t\t\t\t<h1 class=\"elementor-heading-title elementor-size-default\">PANAM\u00c1 OFFICE<\/h1>\t\t\t\t<\/div>\n\t\t\t\t<\/div>\n\t\t\t\t<div class=\"elementor-element elementor-element-44793cff elementor-widget-divider--view-line elementor-widget elementor-widget-divider\" data-id=\"44793cff\" data-element_type=\"widget\" data-e-type=\"widget\" data-widget_type=\"divider.default\">\n\t\t\t\t<div class=\"elementor-widget-container\">\n\t\t\t\t\t\t\t<div class=\"elementor-divider\">\n\t\t\t<span class=\"elementor-divider-separator\">\n\t\t\t\t\t\t<\/span>\n\t\t<\/div>\n\t\t\t\t\t\t<\/div>\n\t\t\t\t<\/div>\n\t\t\t\t\t<\/div>\n\t\t\t\t<\/div>\n\t\t<div class=\"elementor-element elementor-element-5ac561b1 e-flex e-con-boxed e-con e-parent\" data-id=\"5ac561b1\" data-element_type=\"container\" data-e-type=\"container\">\n\t\t\t\t\t<div class=\"e-con-inner\">\n\t\t\t\t<div class=\"elementor-element elementor-element-6b4b9bec elementor-widget elementor-widget-text-editor\" data-id=\"6b4b9bec\" data-element_type=\"widget\" data-e-type=\"widget\" data-widget_type=\"text-editor.default\">\n\t\t\t\t<div class=\"elementor-widget-container\">\n\t\t\t\t\t\t\t\t\t<p>ocketLink es una empresa global especialista en el desarrollo de soluciones m\u00f3viles y es l\u00edder con experiencia brindando servicios y soporte de forma remota y presencial a sus clientes. PocketLink apoya en la cadena de suministros al ser expertos en dise\u00f1o e implementaci\u00f3n de soluciones tecnol\u00f3gicas que incluyen automatizaci\u00f3n en los procesos comerciales en calle, optimizaci\u00f3n de las rutas de entrega y control de estas. Con la mejora de los procesos y control de la operaci\u00f3n en tiempo real, PocketLink ha desarrollado m\u00e1s de 600 proyectos, tanto en Latinoam\u00e9rica como en Estados Unidos, Asia y Europa.<\/p><p>Gracias a esto, con orgullo PocketLink anuncia formalmente la apertura de nuestras operaciones y negocios para Am\u00e9rica Latina en Panam\u00e1 ya que es uno de los mercados m\u00e1s importantes en la regi\u00f3n, por ubicaci\u00f3n privilegiada y las oportunidades comerciales y financieras que el pa\u00eds tiene que ofrecer.<\/p><p>Desde 2005, grandes marcas productoras y distribuidoras de productos de consumo masivo, utilizan las herramientas y a los servicios que ofrece PocketLink. Son muchos los clientes alrededor del mundo que se benefician de esto y ser\u00e1n a\u00fan m\u00e1s los que tengan las mismas ventajas en Panam\u00e1. Nuestro equipo cuenta tambi\u00e9n con el apoyo de las operaciones de Latinoam\u00e9rica desde la cede en Costa Rica, casa matriz en Israel y la operaci\u00f3n para Norteam\u00e9rica en US para as\u00ed, dar soporte y atender a los clientes paname\u00f1os.<br \/>Confiamos en que, de la mano del talento paname\u00f1o se cree el mejor engranaje para servir a los clientes de PocketLink en Latinoam\u00e9rica, bajo un entorno de innovaci\u00f3n con alta calidad y que consecuentemente se contribuya a potenciar los servicios basados en las ventas y distribuci\u00f3n.<\/p>\t\t\t\t\t\t\t\t<\/div>\n\t\t\t\t<\/div>\n\t\t\t\t\t<\/div>\n\t\t\t\t<\/div>\n\t\t<div class=\"elementor-element elementor-element-19b5d160 e-flex e-con-boxed e-con e-parent\" data-id=\"19b5d160\" data-element_type=\"container\" data-e-type=\"container\" data-settings=\"{&quot;background_background&quot;:&quot;classic&quot;}\">\n\t\t\t\t\t<div class=\"e-con-inner\">\n\t\t<div class=\"elementor-element elementor-element-70ea7498 e-con-full e-flex e-con e-child\" data-id=\"70ea7498\" data-element_type=\"container\" data-e-type=\"container\">\n\t\t\t\t<div class=\"elementor-element elementor-element-7080933d elementor-widget elementor-widget-image\" data-id=\"7080933d\" data-element_type=\"widget\" data-e-type=\"widget\" data-widget_type=\"image.default\">\n\t\t\t\t<div class=\"elementor-widget-container\">\n\t\t\t\t\t\t\t\t\t\t\t\t\t\t\t<img fetchpriority=\"high\" decoding=\"async\" width=\"768\" height=\"937\" src=\"https:\/\/www.askisfa.com\/wp-content\/uploads\/2023\/11\/PCT-SITE_LOCAT_PIC_PANAMA-768x937.jpg\" class=\"attachment-medium_large size-medium_large wp-image-3348\" alt=\"\" srcset=\"https:\/\/www.askisfa.com\/wp-content\/uploads\/2023\/11\/PCT-SITE_LOCAT_PIC_PANAMA-768x937.jpg 768w, https:\/\/www.askisfa.com\/wp-content\/uploads\/2023\/11\/PCT-SITE_LOCAT_PIC_PANAMA-246x300.jpg 246w, https:\/\/www.askisfa.com\/wp-content\/uploads\/2023\/11\/PCT-SITE_LOCAT_PIC_PANAMA-840x1024.jpg 840w, https:\/\/www.askisfa.com\/wp-content\/uploads\/2023\/11\/PCT-SITE_LOCAT_PIC_PANAMA-1259x1536.jpg 1259w, https:\/\/www.askisfa.com\/wp-content\/uploads\/2023\/11\/PCT-SITE_LOCAT_PIC_PANAMA-1679x2048.jpg 1679w, https:\/\/www.askisfa.com\/wp-content\/uploads\/2023\/11\/PCT-SITE_LOCAT_PIC_PANAMA.jpg 1971w\" sizes=\"(max-width: 768px) 100vw, 768px\" \/>\t\t\t\t\t\t\t\t\t\t\t\t\t\t\t<\/div>\n\t\t\t\t<\/div>\n\t\t\t\t<\/div>\n\t\t<div class=\"elementor-element elementor-element-763bee9e e-con-full e-flex e-con e-child\" data-id=\"763bee9e\" data-element_type=\"container\" data-e-type=\"container\">\n\t\t\t\t<div class=\"elementor-element elementor-element-5f86e12f elementor-widget elementor-widget-heading\" data-id=\"5f86e12f\" data-element_type=\"widget\" data-e-type=\"widget\" data-widget_type=\"heading.default\">\n\t\t\t\t<div class=\"elementor-widget-container\">\n\t\t\t\t\t<h3 class=\"elementor-heading-title elementor-size-default\">Mariengelys Delgado<\/h3>\t\t\t\t<\/div>\n\t\t\t\t<\/div>\n\t\t\t\t<div class=\"elementor-element elementor-element-697998c7 elementor-widget elementor-widget-text-editor\" data-id=\"697998c7\" data-element_type=\"widget\" data-e-type=\"widget\" data-widget_type=\"text-editor.default\">\n\t\t\t\t<div class=\"elementor-widget-container\">\n\t\t\t\t\t\t\t\t\t<p><strong>Gerente de paid \u2013 Panama<\/strong><\/p><p><strong>Email Address: marien.delgado@askisfa.com<\/strong><\/p><p><strong>Mobile: +507-6495-7989<\/strong><\/p><p><strong>Website: www.pocketlink.co.il<\/strong><\/p>\t\t\t\t\t\t\t\t<\/div>\n\t\t\t\t<\/div>\n\t\t\t\t<div class=\"elementor-element elementor-element-152618be elementor-widget elementor-widget-button\" data-id=\"152618be\" data-element_type=\"widget\" data-e-type=\"widget\" data-widget_type=\"button.default\">\n\t\t\t\t<div class=\"elementor-widget-container\">\n\t\t\t\t\t\t\t\t\t<div class=\"elementor-button-wrapper\">\n\t\t\t\t\t<a class=\"elementor-button elementor-button-link elementor-size-sm\" href=\"https:\/\/www.linkedin.com\/in\/mariengelys-delgado-henr%C3%ADquez-756683151\/\" target=\"_blank\">\n\t\t\t\t\t\t<span class=\"elementor-button-content-wrapper\">\n\t\t\t\t\t\t\t\t\t<span class=\"elementor-button-text\">LINKEDIN PAGE<\/span>\n\t\t\t\t\t<\/span>\n\t\t\t\t\t<\/a>\n\t\t\t\t<\/div>\n\t\t\t\t\t\t\t\t<\/div>\n\t\t\t\t<\/div>\n\t\t\t\t<\/div>\n\t\t\t\t\t<\/div>\n\t\t\t\t<\/div>\n\t\t<div class=\"elementor-element elementor-element-c368431 e-flex e-con-boxed e-con e-parent\" data-id=\"c368431\" data-element_type=\"container\" data-e-type=\"container\">\n\t\t\t\t\t<div class=\"e-con-inner\">\n\t\t<div class=\"elementor-element elementor-element-7d09af0d e-con-full e-flex e-con e-child\" data-id=\"7d09af0d\" data-element_type=\"container\" data-e-type=\"container\" data-settings=\"{&quot;background_background&quot;:&quot;classic&quot;,&quot;position&quot;:&quot;absolute&quot;}\">\n\t\t\t\t<div class=\"elementor-element elementor-element-54d2d3fb elementor-widget elementor-widget-heading\" data-id=\"54d2d3fb\" data-element_type=\"widget\" data-e-type=\"widget\" data-widget_type=\"heading.default\">\n\t\t\t\t<div class=\"elementor-widget-container\">\n\t\t\t\t\t<h2 class=\"elementor-heading-title elementor-size-default\">Contact Us<\/h2>\t\t\t\t<\/div>\n\t\t\t\t<\/div>\n\t\t\t\t<div class=\"elementor-element elementor-element-9f9ab2f elementor-widget-divider--view-line elementor-widget elementor-widget-divider\" data-id=\"9f9ab2f\" data-element_type=\"widget\" data-e-type=\"widget\" data-widget_type=\"divider.default\">\n\t\t\t\t<div class=\"elementor-widget-container\">\n\t\t\t\t\t\t\t<div class=\"elementor-divider\">\n\t\t\t<span class=\"elementor-divider-separator\">\n\t\t\t\t\t\t<\/span>\n\t\t<\/div>\n\t\t\t\t\t\t<\/div>\n\t\t\t\t<\/div>\n\t\t\t\t<div class=\"elementor-element elementor-element-7b756bda elementor-button-align-start elementor-widget elementor-widget-form\" data-id=\"7b756bda\" data-element_type=\"widget\" data-e-type=\"widget\" data-settings=\"{&quot;step_next_label&quot;:&quot;Next&quot;,&quot;step_previous_label&quot;:&quot;Previous&quot;,&quot;button_width&quot;:&quot;100&quot;,&quot;step_type&quot;:&quot;number_text&quot;,&quot;step_icon_shape&quot;:&quot;circle&quot;}\" data-widget_type=\"form.default\">\n\t\t\t\t<div class=\"elementor-widget-container\">\n\t\t\t\t\t\t\t<form class=\"elementor-form\" method=\"post\" name=\"PANAMA FORM\">\n\t\t\t<input type=\"hidden\" name=\"post_id\" value=\"3347\"\/>\n\t\t\t<input type=\"hidden\" name=\"form_id\" value=\"7b756bda\"\/>\n\t\t\t<input type=\"hidden\" name=\"referer_title\" value=\"Pocketlink\" \/>\n\n\t\t\t\n\t\t\t<div class=\"elementor-form-fields-wrapper elementor-labels-\">\n\t\t\t\t\t\t\t\t<div class=\"elementor-field-type-text elementor-field-group elementor-column elementor-field-group-name elementor-col-100\">\n\t\t\t\t\t\t\t\t\t\t\t\t<label for=\"form-field-name\" class=\"elementor-field-label elementor-screen-only\">\n\t\t\t\t\t\t\t\tName\t\t\t\t\t\t\t<\/label>\n\t\t\t\t\t\t\t\t\t\t\t\t\t\t<input size=\"1\" type=\"text\" name=\"form_fields[name]\" id=\"form-field-name\" class=\"elementor-field elementor-size-sm  elementor-field-textual\" placeholder=\"Name*\">\n\t\t\t\t\t\t\t\t\t\t\t<\/div>\n\t\t\t\t\t\t\t\t<div class=\"elementor-field-type-text elementor-field-group elementor-column elementor-field-group-field_35c3c02 elementor-col-100 elementor-field-required\">\n\t\t\t\t\t\t\t\t\t\t\t\t<label for=\"form-field-field_35c3c02\" class=\"elementor-field-label elementor-screen-only\">\n\t\t\t\t\t\t\t\tCompany\t\t\t\t\t\t\t<\/label>\n\t\t\t\t\t\t\t\t\t\t\t\t\t\t<input size=\"1\" type=\"text\" name=\"form_fields[field_35c3c02]\" id=\"form-field-field_35c3c02\" class=\"elementor-field elementor-size-sm  elementor-field-textual\" placeholder=\"Company*\" required=\"required\">\n\t\t\t\t\t\t\t\t\t\t\t<\/div>\n\t\t\t\t\t\t\t\t<div class=\"elementor-field-type-tel elementor-field-group elementor-column elementor-field-group-field_a27a910 elementor-col-100 elementor-field-required\">\n\t\t\t\t\t\t\t\t\t\t\t\t<label for=\"form-field-field_a27a910\" class=\"elementor-field-label elementor-screen-only\">\n\t\t\t\t\t\t\t\tPhone\t\t\t\t\t\t\t<\/label>\n\t\t\t\t\t\t\t\t<input size=\"1\" type=\"tel\" name=\"form_fields[field_a27a910]\" id=\"form-field-field_a27a910\" class=\"elementor-field elementor-size-sm  elementor-field-textual\" placeholder=\"Phone*\" required=\"required\" pattern=\"[0-9()#&amp;+*-=.]+\" title=\"Solo se aceptan n\u00fameros y caracteres de tel\u00e9fono (#,-,*,etc).\">\n\n\t\t\t\t\t\t<\/div>\n\t\t\t\t\t\t\t\t<div class=\"elementor-field-type-email elementor-field-group elementor-column elementor-field-group-email elementor-col-100 elementor-field-required\">\n\t\t\t\t\t\t\t\t\t\t\t\t<label for=\"form-field-email\" class=\"elementor-field-label elementor-screen-only\">\n\t\t\t\t\t\t\t\tEmail\t\t\t\t\t\t\t<\/label>\n\t\t\t\t\t\t\t\t\t\t\t\t\t\t<input size=\"1\" type=\"email\" name=\"form_fields[email]\" id=\"form-field-email\" class=\"elementor-field elementor-size-sm  elementor-field-textual\" placeholder=\"Email*\" required=\"required\">\n\t\t\t\t\t\t\t\t\t\t\t<\/div>\n\t\t\t\t\t\t\t\t<div class=\"elementor-field-type-textarea elementor-field-group elementor-column elementor-field-group-message elementor-col-100\">\n\t\t\t\t\t\t\t\t\t\t\t\t<label for=\"form-field-message\" class=\"elementor-field-label elementor-screen-only\">\n\t\t\t\t\t\t\t\tMessage\t\t\t\t\t\t\t<\/label>\n\t\t\t\t\t\t<textarea class=\"elementor-field-textual elementor-field  elementor-size-sm\" name=\"form_fields[message]\" id=\"form-field-message\" rows=\"1\" placeholder=\"Message*\"><\/textarea>\t\t\t\t<\/div>\n\t\t\t\t\t\t\t\t<div class=\"elementor-field-group elementor-column elementor-field-type-submit elementor-col-100 e-form__buttons\">\n\t\t\t\t\t<button class=\"elementor-button elementor-size-sm\" type=\"submit\">\n\t\t\t\t\t\t<span class=\"elementor-button-content-wrapper\">\n\t\t\t\t\t\t\t\t\t\t\t\t\t\t\t\t\t\t\t\t\t\t<span class=\"elementor-button-text\">Submit<\/span>\n\t\t\t\t\t\t\t\t\t\t\t\t\t<\/span>\n\t\t\t\t\t<\/button>\n\t\t\t\t<\/div>\n\t\t\t<\/div>\n\t\t<\/form>\n\t\t\t\t\t\t<\/div>\n\t\t\t\t<\/div>\n\t\t\t\t<\/div>\n\t\t\t\t\t<\/div>\n\t\t\t\t<\/div>\n\t\t\t\t<\/div>\n\t\t","protected":false},"excerpt":{"rendered":"<p>ocketLink es una empresa global especialista en el desarrollo de soluciones m\u00f3viles y es l\u00edder con experiencia brindando servicios y soporte de forma remota y presencial a sus clientes. PocketLink apoya en la cadena de suministros al ser expertos en dise\u00f1o e implementaci\u00f3n de soluciones tecnol\u00f3gicas que incluyen automatizaci\u00f3n en los procesos comerciales en calle, [&hellip;]<\/p>\n","protected":false},"author":2,"featured_media":3348,"parent":0,"menu_order":61,"comment_status":"closed","ping_status":"closed","template":"","meta":{"footnotes":""},"class_list":["post-3347","page","type-page","status-publish","has-post-thumbnail","hentry"],"yoast_head":"<!-- This site is optimized with the Yoast SEO plugin v27.1.1 - https:\/\/yoast.com\/product\/yoast-seo-wordpress\/ -->\n<title>PANAM\u00c1 OFFICE - Pocketlink<\/title>\n<meta name=\"robots\" content=\"index, follow, max-snippet:-1, max-image-preview:large, max-video-preview:-1\" \/>\n<link rel=\"canonical\" href=\"https:\/\/www.askisfa.com\/es\/panama\/\" \/>\n<meta property=\"og:locale\" content=\"es_ES\" \/>\n<meta property=\"og:type\" content=\"article\" \/>\n<meta property=\"og:title\" content=\"PANAM\u00c1 OFFICE - Pocketlink\" \/>\n<meta property=\"og:description\" content=\"ocketLink es una empresa global especialista en el desarrollo de soluciones m\u00f3viles y es l\u00edder con experiencia brindando servicios y soporte de forma remota y presencial a sus clientes. PocketLink apoya en la cadena de suministros al ser expertos en dise\u00f1o e implementaci\u00f3n de soluciones tecnol\u00f3gicas que incluyen automatizaci\u00f3n en los procesos comerciales en calle, [&hellip;]\" \/>\n<meta property=\"og:url\" content=\"https:\/\/www.askisfa.com\/es\/panama\/\" \/>\n<meta property=\"og:site_name\" content=\"Pocketlink\" \/>\n<meta property=\"article:modified_time\" content=\"2025-01-07T16:25:51+00:00\" \/>\n<meta property=\"og:image\" content=\"https:\/\/www.askisfa.com\/wp-content\/uploads\/2023\/11\/PCT-SITE_LOCAT_PIC_PANAMA.jpg\" \/>\n\t<meta property=\"og:image:width\" content=\"1971\" \/>\n\t<meta property=\"og:image:height\" content=\"2404\" \/>\n\t<meta property=\"og:image:type\" content=\"image\/jpeg\" \/>\n<meta name=\"twitter:card\" content=\"summary_large_image\" \/>\n<meta name=\"twitter:label1\" content=\"Tiempo de lectura\" \/>\n\t<meta name=\"twitter:data1\" content=\"2 minutos\" \/>\n<script type=\"application\/ld+json\" class=\"yoast-schema-graph\">{\"@context\":\"https:\/\/schema.org\",\"@graph\":[{\"@type\":\"WebPage\",\"@id\":\"https:\/\/www.askisfa.com\/es\/panama\/\",\"url\":\"https:\/\/www.askisfa.com\/es\/panama\/\",\"name\":\"PANAM\u00c1 OFFICE - Pocketlink\",\"isPartOf\":{\"@id\":\"https:\/\/www.askisfa.com\/es\/#website\"},\"primaryImageOfPage\":{\"@id\":\"https:\/\/www.askisfa.com\/es\/panama\/#primaryimage\"},\"image\":{\"@id\":\"https:\/\/www.askisfa.com\/es\/panama\/#primaryimage\"},\"thumbnailUrl\":\"https:\/\/www.askisfa.com\/wp-content\/uploads\/2023\/11\/PCT-SITE_LOCAT_PIC_PANAMA.jpg\",\"datePublished\":\"2023-11-13T16:40:19+00:00\",\"dateModified\":\"2025-01-07T16:25:51+00:00\",\"breadcrumb\":{\"@id\":\"https:\/\/www.askisfa.com\/es\/panama\/#breadcrumb\"},\"inLanguage\":\"es\",\"potentialAction\":[{\"@type\":\"ReadAction\",\"target\":[\"https:\/\/www.askisfa.com\/es\/panama\/\"]}]},{\"@type\":\"ImageObject\",\"inLanguage\":\"es\",\"@id\":\"https:\/\/www.askisfa.com\/es\/panama\/#primaryimage\",\"url\":\"https:\/\/www.askisfa.com\/wp-content\/uploads\/2023\/11\/PCT-SITE_LOCAT_PIC_PANAMA.jpg\",\"contentUrl\":\"https:\/\/www.askisfa.com\/wp-content\/uploads\/2023\/11\/PCT-SITE_LOCAT_PIC_PANAMA.jpg\",\"width\":\"1971\",\"height\":\"2404\"},{\"@type\":\"BreadcrumbList\",\"@id\":\"https:\/\/www.askisfa.com\/es\/panama\/#breadcrumb\",\"itemListElement\":[{\"@type\":\"ListItem\",\"position\":1,\"name\":\"Home\",\"item\":\"https:\/\/www.askisfa.com\/es\/\"},{\"@type\":\"ListItem\",\"position\":2,\"name\":\"PANAM\u00c1 OFFICE\"}]},{\"@type\":\"WebSite\",\"@id\":\"https:\/\/www.askisfa.com\/es\/#website\",\"url\":\"https:\/\/www.askisfa.com\/es\/\",\"name\":\"Pocketlink\",\"description\":\"ASKI is the most advanced all-in-one, goal oriented, and analytical software solution for field sales reps and delivery drivers.  ASKI enhances sales capabilities by combining 3 advanced systems ASKI SFA \u2013 ASKI POD \u2013 ASKI TMS\",\"publisher\":{\"@id\":\"https:\/\/www.askisfa.com\/es\/#organization\"},\"potentialAction\":[{\"@type\":\"SearchAction\",\"target\":{\"@type\":\"EntryPoint\",\"urlTemplate\":\"https:\/\/www.askisfa.com\/es\/?s={search_term_string}\"},\"query-input\":{\"@type\":\"PropertyValueSpecification\",\"valueRequired\":true,\"valueName\":\"search_term_string\"}}],\"inLanguage\":\"es\"},{\"@type\":\"Organization\",\"@id\":\"https:\/\/www.askisfa.com\/es\/#organization\",\"name\":\"Pocketlink\",\"url\":\"https:\/\/www.askisfa.com\/es\/\",\"logo\":{\"@type\":\"ImageObject\",\"inLanguage\":\"es\",\"@id\":\"https:\/\/www.askisfa.com\/es\/#\/schema\/logo\/image\/\",\"url\":\"https:\/\/www.askisfa.com\/wp-content\/uploads\/2024\/12\/pocketlink-new-logo.svg\",\"contentUrl\":\"https:\/\/www.askisfa.com\/wp-content\/uploads\/2024\/12\/pocketlink-new-logo.svg\",\"width\":707,\"height\":139,\"caption\":\"Pocketlink\"},\"image\":{\"@id\":\"https:\/\/www.askisfa.com\/es\/#\/schema\/logo\/image\/\"}}]}<\/script>\n<!-- \/ Yoast SEO plugin. -->","yoast_head_json":{"title":"PANAM\u00c1 OFFICE - Pocketlink","robots":{"index":"index","follow":"follow","max-snippet":"max-snippet:-1","max-image-preview":"max-image-preview:large","max-video-preview":"max-video-preview:-1"},"canonical":"https:\/\/www.askisfa.com\/es\/panama\/","og_locale":"es_ES","og_type":"article","og_title":"PANAM\u00c1 OFFICE - Pocketlink","og_description":"ocketLink es una empresa global especialista en el desarrollo de soluciones m\u00f3viles y es l\u00edder con experiencia brindando servicios y soporte de forma remota y presencial a sus clientes. PocketLink apoya en la cadena de suministros al ser expertos en dise\u00f1o e implementaci\u00f3n de soluciones tecnol\u00f3gicas que incluyen automatizaci\u00f3n en los procesos comerciales en calle, [&hellip;]","og_url":"https:\/\/www.askisfa.com\/es\/panama\/","og_site_name":"Pocketlink","article_modified_time":"2025-01-07T16:25:51+00:00","og_image":[{"width":1971,"height":2404,"url":"https:\/\/www.askisfa.com\/wp-content\/uploads\/2023\/11\/PCT-SITE_LOCAT_PIC_PANAMA.jpg","type":"image\/jpeg"}],"twitter_card":"summary_large_image","twitter_misc":{"Tiempo de lectura":"2 minutos"},"schema":{"@context":"https:\/\/schema.org","@graph":[{"@type":"WebPage","@id":"https:\/\/www.askisfa.com\/es\/panama\/","url":"https:\/\/www.askisfa.com\/es\/panama\/","name":"PANAM\u00c1 OFFICE - Pocketlink","isPartOf":{"@id":"https:\/\/www.askisfa.com\/es\/#website"},"primaryImageOfPage":{"@id":"https:\/\/www.askisfa.com\/es\/panama\/#primaryimage"},"image":{"@id":"https:\/\/www.askisfa.com\/es\/panama\/#primaryimage"},"thumbnailUrl":"https:\/\/www.askisfa.com\/wp-content\/uploads\/2023\/11\/PCT-SITE_LOCAT_PIC_PANAMA.jpg","datePublished":"2023-11-13T16:40:19+00:00","dateModified":"2025-01-07T16:25:51+00:00","breadcrumb":{"@id":"https:\/\/www.askisfa.com\/es\/panama\/#breadcrumb"},"inLanguage":"es","potentialAction":[{"@type":"ReadAction","target":["https:\/\/www.askisfa.com\/es\/panama\/"]}]},{"@type":"ImageObject","inLanguage":"es","@id":"https:\/\/www.askisfa.com\/es\/panama\/#primaryimage","url":"https:\/\/www.askisfa.com\/wp-content\/uploads\/2023\/11\/PCT-SITE_LOCAT_PIC_PANAMA.jpg","contentUrl":"https:\/\/www.askisfa.com\/wp-content\/uploads\/2023\/11\/PCT-SITE_LOCAT_PIC_PANAMA.jpg","width":"1971","height":"2404"},{"@type":"BreadcrumbList","@id":"https:\/\/www.askisfa.com\/es\/panama\/#breadcrumb","itemListElement":[{"@type":"ListItem","position":1,"name":"Home","item":"https:\/\/www.askisfa.com\/es\/"},{"@type":"ListItem","position":2,"name":"PANAM\u00c1 OFFICE"}]},{"@type":"WebSite","@id":"https:\/\/www.askisfa.com\/es\/#website","url":"https:\/\/www.askisfa.com\/es\/","name":"Pocketlink","description":"ASKI is the most advanced all-in-one, goal oriented, and analytical software solution for field sales reps and delivery drivers.  ASKI enhances sales capabilities by combining 3 advanced systems ASKI SFA \u2013 ASKI POD \u2013 ASKI TMS","publisher":{"@id":"https:\/\/www.askisfa.com\/es\/#organization"},"potentialAction":[{"@type":"SearchAction","target":{"@type":"EntryPoint","urlTemplate":"https:\/\/www.askisfa.com\/es\/?s={search_term_string}"},"query-input":{"@type":"PropertyValueSpecification","valueRequired":true,"valueName":"search_term_string"}}],"inLanguage":"es"},{"@type":"Organization","@id":"https:\/\/www.askisfa.com\/es\/#organization","name":"Pocketlink","url":"https:\/\/www.askisfa.com\/es\/","logo":{"@type":"ImageObject","inLanguage":"es","@id":"https:\/\/www.askisfa.com\/es\/#\/schema\/logo\/image\/","url":"https:\/\/www.askisfa.com\/wp-content\/uploads\/2024\/12\/pocketlink-new-logo.svg","contentUrl":"https:\/\/www.askisfa.com\/wp-content\/uploads\/2024\/12\/pocketlink-new-logo.svg","width":707,"height":139,"caption":"Pocketlink"},"image":{"@id":"https:\/\/www.askisfa.com\/es\/#\/schema\/logo\/image\/"}}]}},"_links":{"self":[{"href":"https:\/\/www.askisfa.com\/es\/wp-json\/wp\/v2\/pages\/3347","targetHints":{"allow":["GET"]}}],"collection":[{"href":"https:\/\/www.askisfa.com\/es\/wp-json\/wp\/v2\/pages"}],"about":[{"href":"https:\/\/www.askisfa.com\/es\/wp-json\/wp\/v2\/types\/page"}],"author":[{"embeddable":true,"href":"https:\/\/www.askisfa.com\/es\/wp-json\/wp\/v2\/users\/2"}],"replies":[{"embeddable":true,"href":"https:\/\/www.askisfa.com\/es\/wp-json\/wp\/v2\/comments?post=3347"}],"version-history":[{"count":13,"href":"https:\/\/www.askisfa.com\/es\/wp-json\/wp\/v2\/pages\/3347\/revisions"}],"predecessor-version":[{"id":5592,"href":"https:\/\/www.askisfa.com\/es\/wp-json\/wp\/v2\/pages\/3347\/revisions\/5592"}],"wp:featuredmedia":[{"embeddable":true,"href":"https:\/\/www.askisfa.com\/es\/wp-json\/wp\/v2\/media\/3348"}],"wp:attachment":[{"href":"https:\/\/www.askisfa.com\/es\/wp-json\/wp\/v2\/media?parent=3347"}],"curies":[{"name":"wp","href":"https:\/\/api.w.org\/{rel}","templated":true}]}}