{"id":445,"date":"2017-04-19T07:08:53","date_gmt":"2017-04-19T13:08:53","guid":{"rendered":"https:\/\/www.askisfa.com\/?page_id=445\/"},"modified":"2025-02-02T00:40:54","modified_gmt":"2025-02-02T06:40:54","slug":"contact-us","status":"publish","type":"page","link":"https:\/\/www.askisfa.com\/es\/contact-us\/","title":{"rendered":"Cont\u00e1ctenos"},"content":{"rendered":"\t\t<div data-elementor-type=\"wp-page\" data-elementor-id=\"445\" class=\"elementor elementor-445 elementor-157\" data-elementor-post-type=\"page\">\n\t\t\t\t<div class=\"elementor-element elementor-element-1b2e58d5 e-flex e-con-boxed e-con e-parent\" data-id=\"1b2e58d5\" data-element_type=\"container\" data-e-type=\"container\" data-settings=\"{&quot;background_background&quot;:&quot;classic&quot;}\">\n\t\t\t\t\t<div class=\"e-con-inner\">\n\t\t\t\t\t<\/div>\n\t\t\t\t<\/div>\n\t\t<div class=\"elementor-element elementor-element-5d5640d2 e-flex e-con-boxed e-con e-parent\" data-id=\"5d5640d2\" data-element_type=\"container\" data-e-type=\"container\">\n\t\t\t\t\t<div class=\"e-con-inner\">\n\t\t\t\t<div class=\"elementor-element elementor-element-22927c0e pl-about-text elementor-widget elementor-widget-heading\" data-id=\"22927c0e\" data-element_type=\"widget\" data-e-type=\"widget\" data-widget_type=\"heading.default\">\n\t\t\t\t<div class=\"elementor-widget-container\">\n\t\t\t\t\t<h1 class=\"elementor-heading-title elementor-size-default\">Cont\u00e1ctenos<\/h1>\t\t\t\t<\/div>\n\t\t\t\t<\/div>\n\t\t\t\t<div class=\"elementor-element elementor-element-544b8f5c elementor-widget-divider--view-line elementor-widget elementor-widget-divider\" data-id=\"544b8f5c\" data-element_type=\"widget\" data-e-type=\"widget\" data-widget_type=\"divider.default\">\n\t\t\t\t<div class=\"elementor-widget-container\">\n\t\t\t\t\t\t\t<div class=\"elementor-divider\">\n\t\t\t<span class=\"elementor-divider-separator\">\n\t\t\t\t\t\t<\/span>\n\t\t<\/div>\n\t\t\t\t\t\t<\/div>\n\t\t\t\t<\/div>\n\t\t\t\t\t<\/div>\n\t\t\t\t<\/div>\n\t\t<div class=\"elementor-element elementor-element-7a122aa4 e-flex e-con-boxed e-con e-parent\" data-id=\"7a122aa4\" data-element_type=\"container\" data-e-type=\"container\">\n\t\t\t\t\t<div class=\"e-con-inner\">\n\t\t\t\t<div class=\"elementor-element elementor-element-7fbaa6d9 elementor-widget elementor-widget-heading\" data-id=\"7fbaa6d9\" data-element_type=\"widget\" data-e-type=\"widget\" data-widget_type=\"heading.default\">\n\t\t\t\t<div class=\"elementor-widget-container\">\n\t\t\t\t\t<p class=\"elementor-heading-title elementor-size-default\">Para cualquier pregunta o solicitud<\/p>\t\t\t\t<\/div>\n\t\t\t\t<\/div>\n\t\t\t\t<div class=\"elementor-element elementor-element-194fe0d0 elementor-widget elementor-widget-text-editor\" data-id=\"194fe0d0\" data-element_type=\"widget\" data-e-type=\"widget\" data-widget_type=\"text-editor.default\">\n\t\t\t\t<div class=\"elementor-widget-container\">\n\t\t\t\t\t\t\t\t\t<p>Direcci\u00f3n:<\/p><p>MG Business Center. Escaz\u00fa. San Jos\u00e9, Costa Rica<\/p><p>Tel\u00e9fono:<br \/>(506) 2506-3844<\/p>\t\t\t\t\t\t\t\t<\/div>\n\t\t\t\t<\/div>\n\t\t\t\t\t<\/div>\n\t\t\t\t<\/div>\n\t\t<div class=\"elementor-element elementor-element-1cba1bc7 e-flex e-con-boxed e-con e-parent\" data-id=\"1cba1bc7\" data-element_type=\"container\" data-e-type=\"container\" data-settings=\"{&quot;background_background&quot;:&quot;classic&quot;}\">\n\t\t\t\t\t<div class=\"e-con-inner\">\n\t\t<div class=\"elementor-element elementor-element-17951879 e-con-full e-flex e-con e-child\" data-id=\"17951879\" data-element_type=\"container\" data-e-type=\"container\" data-settings=\"{&quot;background_background&quot;:&quot;classic&quot;,&quot;position&quot;:&quot;absolute&quot;}\">\n\t\t\t\t<div class=\"elementor-element elementor-element-7bb0bd44 elementor-button-align-start elementor-widget elementor-widget-form\" data-id=\"7bb0bd44\" data-element_type=\"widget\" data-e-type=\"widget\" data-settings=\"{&quot;step_next_label&quot;:&quot;Next&quot;,&quot;step_previous_label&quot;:&quot;Previous&quot;,&quot;button_width&quot;:&quot;100&quot;,&quot;step_type&quot;:&quot;number_text&quot;,&quot;step_icon_shape&quot;:&quot;circle&quot;}\" data-widget_type=\"form.default\">\n\t\t\t\t<div class=\"elementor-widget-container\">\n\t\t\t\t\t\t\t<form class=\"elementor-form\" method=\"post\" name=\"es contact page\">\n\t\t\t<input type=\"hidden\" name=\"post_id\" value=\"445\"\/>\n\t\t\t<input type=\"hidden\" name=\"form_id\" value=\"7bb0bd44\"\/>\n\t\t\t<input type=\"hidden\" name=\"referer_title\" value=\"Pocketlink\" \/>\n\n\t\t\t\n\t\t\t<div class=\"elementor-form-fields-wrapper elementor-labels-\">\n\t\t\t\t\t\t\t\t<div class=\"elementor-field-type-text elementor-field-group elementor-column elementor-field-group-name elementor-col-100\">\n\t\t\t\t\t\t\t\t\t\t\t\t<label for=\"form-field-name\" class=\"elementor-field-label elementor-screen-only\">\n\t\t\t\t\t\t\t\tNombre\t\t\t\t\t\t\t<\/label>\n\t\t\t\t\t\t\t\t\t\t\t\t\t\t<input size=\"1\" type=\"text\" name=\"form_fields[name]\" id=\"form-field-name\" class=\"elementor-field elementor-size-sm  elementor-field-textual\" placeholder=\"Nombre\">\n\t\t\t\t\t\t\t\t\t\t\t<\/div>\n\t\t\t\t\t\t\t\t<div class=\"elementor-field-type-tel elementor-field-group elementor-column elementor-field-group-field_a27a910 elementor-col-100 elementor-field-required\">\n\t\t\t\t\t\t\t\t\t\t\t\t<label for=\"form-field-field_a27a910\" class=\"elementor-field-label elementor-screen-only\">\n\t\t\t\t\t\t\t\tTelefono\t\t\t\t\t\t\t<\/label>\n\t\t\t\t\t\t\t\t<input size=\"1\" type=\"tel\" name=\"form_fields[field_a27a910]\" id=\"form-field-field_a27a910\" class=\"elementor-field elementor-size-sm  elementor-field-textual\" placeholder=\"Telefono\" required=\"required\" pattern=\"[0-9()#&amp;+*-=.]+\" title=\"Solo se aceptan n\u00fameros y caracteres de tel\u00e9fono (#,-,*,etc).\">\n\n\t\t\t\t\t\t<\/div>\n\t\t\t\t\t\t\t\t<div class=\"elementor-field-type-email elementor-field-group elementor-column elementor-field-group-email elementor-col-100 elementor-field-required\">\n\t\t\t\t\t\t\t\t\t\t\t\t<label for=\"form-field-email\" class=\"elementor-field-label elementor-screen-only\">\n\t\t\t\t\t\t\t\tE-mail\t\t\t\t\t\t\t<\/label>\n\t\t\t\t\t\t\t\t\t\t\t\t\t\t<input size=\"1\" type=\"email\" name=\"form_fields[email]\" id=\"form-field-email\" class=\"elementor-field elementor-size-sm  elementor-field-textual\" placeholder=\"E-mail\" required=\"required\">\n\t\t\t\t\t\t\t\t\t\t\t<\/div>\n\t\t\t\t\t\t\t\t<div class=\"elementor-field-type-textarea elementor-field-group elementor-column elementor-field-group-message elementor-col-100\">\n\t\t\t\t\t\t\t\t\t\t\t\t<label for=\"form-field-message\" class=\"elementor-field-label elementor-screen-only\">\n\t\t\t\t\t\t\t\tMessage\t\t\t\t\t\t\t<\/label>\n\t\t\t\t\t\t<textarea class=\"elementor-field-textual elementor-field  elementor-size-sm\" name=\"form_fields[message]\" id=\"form-field-message\" rows=\"5\" placeholder=\"Comentarios preliminares\"><\/textarea>\t\t\t\t<\/div>\n\t\t\t\t\t\t\t\t<div class=\"elementor-field-type-recaptcha_v3 elementor-field-group elementor-column elementor-field-group-field_59d8952 elementor-col-100 recaptcha_v3-bottomright\">\n\t\t\t\t\t<div class=\"elementor-field\" id=\"form-field-field_59d8952\"><div class=\"elementor-g-recaptcha\" data-sitekey=\"6Ld7u8YqAAAAAO3bJcpCZOjXSmTim6ldHiuOMkRZ\" data-type=\"v3\" data-action=\"Form\" data-badge=\"bottomright\" data-size=\"invisible\"><\/div><\/div>\t\t\t\t<\/div>\n\t\t\t\t\t\t\t\t<div class=\"elementor-field-group elementor-column elementor-field-type-submit elementor-col-100 e-form__buttons\">\n\t\t\t\t\t<button class=\"elementor-button elementor-size-sm\" type=\"submit\">\n\t\t\t\t\t\t<span class=\"elementor-button-content-wrapper\">\n\t\t\t\t\t\t\t\t\t\t\t\t\t\t\t\t\t\t\t\t\t\t<span class=\"elementor-button-text\">Send<\/span>\n\t\t\t\t\t\t\t\t\t\t\t\t\t<\/span>\n\t\t\t\t\t<\/button>\n\t\t\t\t<\/div>\n\t\t\t<\/div>\n\t\t<\/form>\n\t\t\t\t\t\t<\/div>\n\t\t\t\t<\/div>\n\t\t\t\t<\/div>\n\t\t\t\t\t<\/div>\n\t\t\t\t<\/div>\n\t\t\t\t<\/div>\n\t\t","protected":false},"excerpt":{"rendered":"<p>Para cualquier pregunta o solicitud Direcci\u00f3n: MG Business Center. Escaz\u00fa. San Jos\u00e9, Costa Rica Tel\u00e9fono:(506) 2506-3844<\/p>\n","protected":false},"author":2,"featured_media":0,"parent":0,"menu_order":70,"comment_status":"closed","ping_status":"closed","template":"","meta":{"footnotes":""},"class_list":["post-445","page","type-page","status-publish","hentry"],"yoast_head":"<!-- This site is optimized with the Yoast SEO plugin v27.1.1 - https:\/\/yoast.com\/product\/yoast-seo-wordpress\/ -->\n<title>Cont\u00e1ctenos - Pocketlink<\/title>\n<meta name=\"robots\" content=\"index, follow, max-snippet:-1, max-image-preview:large, max-video-preview:-1\" \/>\n<link rel=\"canonical\" href=\"https:\/\/www.askisfa.com\/es\/contact-us\/\" \/>\n<meta property=\"og:locale\" content=\"es_ES\" \/>\n<meta property=\"og:type\" content=\"article\" \/>\n<meta property=\"og:title\" content=\"Cont\u00e1ctenos - Pocketlink\" \/>\n<meta property=\"og:description\" content=\"Para cualquier pregunta o solicitud Direcci\u00f3n: MG Business Center. Escaz\u00fa. San Jos\u00e9, Costa Rica Tel\u00e9fono:(506) 2506-3844\" \/>\n<meta property=\"og:url\" content=\"https:\/\/www.askisfa.com\/es\/contact-us\/\" \/>\n<meta property=\"og:site_name\" content=\"Pocketlink\" \/>\n<meta property=\"article:modified_time\" content=\"2025-02-02T06:40:54+00:00\" \/>\n<meta name=\"twitter:card\" content=\"summary_large_image\" \/>\n<meta name=\"twitter:label1\" content=\"Tiempo de lectura\" \/>\n\t<meta name=\"twitter:data1\" content=\"1 minuto\" \/>\n<script type=\"application\/ld+json\" class=\"yoast-schema-graph\">{\"@context\":\"https:\/\/schema.org\",\"@graph\":[{\"@type\":\"WebPage\",\"@id\":\"https:\/\/www.askisfa.com\/es\/contact-us\/\",\"url\":\"https:\/\/www.askisfa.com\/es\/contact-us\/\",\"name\":\"Cont\u00e1ctenos - Pocketlink\",\"isPartOf\":{\"@id\":\"https:\/\/www.askisfa.com\/es\/#website\"},\"datePublished\":\"2017-04-19T13:08:53+00:00\",\"dateModified\":\"2025-02-02T06:40:54+00:00\",\"breadcrumb\":{\"@id\":\"https:\/\/www.askisfa.com\/es\/contact-us\/#breadcrumb\"},\"inLanguage\":\"es\",\"potentialAction\":[{\"@type\":\"ReadAction\",\"target\":[\"https:\/\/www.askisfa.com\/es\/contact-us\/\"]}]},{\"@type\":\"BreadcrumbList\",\"@id\":\"https:\/\/www.askisfa.com\/es\/contact-us\/#breadcrumb\",\"itemListElement\":[{\"@type\":\"ListItem\",\"position\":1,\"name\":\"Home\",\"item\":\"https:\/\/www.askisfa.com\/es\/\"},{\"@type\":\"ListItem\",\"position\":2,\"name\":\"Cont\u00e1ctenos\"}]},{\"@type\":\"WebSite\",\"@id\":\"https:\/\/www.askisfa.com\/es\/#website\",\"url\":\"https:\/\/www.askisfa.com\/es\/\",\"name\":\"Pocketlink\",\"description\":\"ASKI is the most advanced all-in-one, goal oriented, and analytical software solution for field sales reps and delivery drivers.  ASKI enhances sales capabilities by combining 3 advanced systems ASKI SFA \u2013 ASKI POD \u2013 ASKI TMS\",\"publisher\":{\"@id\":\"https:\/\/www.askisfa.com\/es\/#organization\"},\"potentialAction\":[{\"@type\":\"SearchAction\",\"target\":{\"@type\":\"EntryPoint\",\"urlTemplate\":\"https:\/\/www.askisfa.com\/es\/?s={search_term_string}\"},\"query-input\":{\"@type\":\"PropertyValueSpecification\",\"valueRequired\":true,\"valueName\":\"search_term_string\"}}],\"inLanguage\":\"es\"},{\"@type\":\"Organization\",\"@id\":\"https:\/\/www.askisfa.com\/es\/#organization\",\"name\":\"Pocketlink\",\"url\":\"https:\/\/www.askisfa.com\/es\/\",\"logo\":{\"@type\":\"ImageObject\",\"inLanguage\":\"es\",\"@id\":\"https:\/\/www.askisfa.com\/es\/#\/schema\/logo\/image\/\",\"url\":\"https:\/\/www.askisfa.com\/wp-content\/uploads\/2024\/12\/pocketlink-new-logo.svg\",\"contentUrl\":\"https:\/\/www.askisfa.com\/wp-content\/uploads\/2024\/12\/pocketlink-new-logo.svg\",\"width\":707,\"height\":139,\"caption\":\"Pocketlink\"},\"image\":{\"@id\":\"https:\/\/www.askisfa.com\/es\/#\/schema\/logo\/image\/\"}}]}<\/script>\n<!-- \/ Yoast SEO plugin. -->","yoast_head_json":{"title":"Cont\u00e1ctenos - Pocketlink","robots":{"index":"index","follow":"follow","max-snippet":"max-snippet:-1","max-image-preview":"max-image-preview:large","max-video-preview":"max-video-preview:-1"},"canonical":"https:\/\/www.askisfa.com\/es\/contact-us\/","og_locale":"es_ES","og_type":"article","og_title":"Cont\u00e1ctenos - Pocketlink","og_description":"Para cualquier pregunta o solicitud Direcci\u00f3n: MG Business Center. Escaz\u00fa. San Jos\u00e9, Costa Rica Tel\u00e9fono:(506) 2506-3844","og_url":"https:\/\/www.askisfa.com\/es\/contact-us\/","og_site_name":"Pocketlink","article_modified_time":"2025-02-02T06:40:54+00:00","twitter_card":"summary_large_image","twitter_misc":{"Tiempo de lectura":"1 minuto"},"schema":{"@context":"https:\/\/schema.org","@graph":[{"@type":"WebPage","@id":"https:\/\/www.askisfa.com\/es\/contact-us\/","url":"https:\/\/www.askisfa.com\/es\/contact-us\/","name":"Cont\u00e1ctenos - Pocketlink","isPartOf":{"@id":"https:\/\/www.askisfa.com\/es\/#website"},"datePublished":"2017-04-19T13:08:53+00:00","dateModified":"2025-02-02T06:40:54+00:00","breadcrumb":{"@id":"https:\/\/www.askisfa.com\/es\/contact-us\/#breadcrumb"},"inLanguage":"es","potentialAction":[{"@type":"ReadAction","target":["https:\/\/www.askisfa.com\/es\/contact-us\/"]}]},{"@type":"BreadcrumbList","@id":"https:\/\/www.askisfa.com\/es\/contact-us\/#breadcrumb","itemListElement":[{"@type":"ListItem","position":1,"name":"Home","item":"https:\/\/www.askisfa.com\/es\/"},{"@type":"ListItem","position":2,"name":"Cont\u00e1ctenos"}]},{"@type":"WebSite","@id":"https:\/\/www.askisfa.com\/es\/#website","url":"https:\/\/www.askisfa.com\/es\/","name":"Pocketlink","description":"ASKI is the most advanced all-in-one, goal oriented, and analytical software solution for field sales reps and delivery drivers.  ASKI enhances sales capabilities by combining 3 advanced systems ASKI SFA \u2013 ASKI POD \u2013 ASKI TMS","publisher":{"@id":"https:\/\/www.askisfa.com\/es\/#organization"},"potentialAction":[{"@type":"SearchAction","target":{"@type":"EntryPoint","urlTemplate":"https:\/\/www.askisfa.com\/es\/?s={search_term_string}"},"query-input":{"@type":"PropertyValueSpecification","valueRequired":true,"valueName":"search_term_string"}}],"inLanguage":"es"},{"@type":"Organization","@id":"https:\/\/www.askisfa.com\/es\/#organization","name":"Pocketlink","url":"https:\/\/www.askisfa.com\/es\/","logo":{"@type":"ImageObject","inLanguage":"es","@id":"https:\/\/www.askisfa.com\/es\/#\/schema\/logo\/image\/","url":"https:\/\/www.askisfa.com\/wp-content\/uploads\/2024\/12\/pocketlink-new-logo.svg","contentUrl":"https:\/\/www.askisfa.com\/wp-content\/uploads\/2024\/12\/pocketlink-new-logo.svg","width":707,"height":139,"caption":"Pocketlink"},"image":{"@id":"https:\/\/www.askisfa.com\/es\/#\/schema\/logo\/image\/"}}]}},"_links":{"self":[{"href":"https:\/\/www.askisfa.com\/es\/wp-json\/wp\/v2\/pages\/445","targetHints":{"allow":["GET"]}}],"collection":[{"href":"https:\/\/www.askisfa.com\/es\/wp-json\/wp\/v2\/pages"}],"about":[{"href":"https:\/\/www.askisfa.com\/es\/wp-json\/wp\/v2\/types\/page"}],"author":[{"embeddable":true,"href":"https:\/\/www.askisfa.com\/es\/wp-json\/wp\/v2\/users\/2"}],"replies":[{"embeddable":true,"href":"https:\/\/www.askisfa.com\/es\/wp-json\/wp\/v2\/comments?post=445"}],"version-history":[{"count":16,"href":"https:\/\/www.askisfa.com\/es\/wp-json\/wp\/v2\/pages\/445\/revisions"}],"predecessor-version":[{"id":5850,"href":"https:\/\/www.askisfa.com\/es\/wp-json\/wp\/v2\/pages\/445\/revisions\/5850"}],"wp:attachment":[{"href":"https:\/\/www.askisfa.com\/es\/wp-json\/wp\/v2\/media?parent=445"}],"curies":[{"name":"wp","href":"https:\/\/api.w.org\/{rel}","templated":true}]}}