{"id":834,"date":"2018-08-28T20:07:49","date_gmt":"2018-08-29T02:07:49","guid":{"rendered":"https:\/\/www.askisfa.com\/?page_id=834\/"},"modified":"2025-01-07T10:30:46","modified_gmt":"2025-01-07T16:30:46","slug":"costa-rica-office","status":"publish","type":"page","link":"https:\/\/www.askisfa.com\/es\/costa-rica-office\/","title":{"rendered":"COSTA RICA Oficina"},"content":{"rendered":"\t\t<div data-elementor-type=\"wp-page\" data-elementor-id=\"834\" class=\"elementor elementor-834 elementor-787\" data-elementor-post-type=\"page\">\n\t\t\t\t<div class=\"elementor-element elementor-element-7c4f208d e-flex e-con-boxed e-con e-parent\" data-id=\"7c4f208d\" data-element_type=\"container\" data-e-type=\"container\" data-settings=\"{&quot;background_background&quot;:&quot;classic&quot;}\">\n\t\t\t\t\t<div class=\"e-con-inner\">\n\t\t\t\t\t<\/div>\n\t\t\t\t<\/div>\n\t\t<div class=\"elementor-element elementor-element-3ac08015 e-flex e-con-boxed e-con e-parent\" data-id=\"3ac08015\" data-element_type=\"container\" data-e-type=\"container\">\n\t\t\t\t\t<div class=\"e-con-inner\">\n\t\t\t\t<div class=\"elementor-element elementor-element-24b105ff pl-about-text elementor-widget elementor-widget-heading\" data-id=\"24b105ff\" data-element_type=\"widget\" data-e-type=\"widget\" data-widget_type=\"heading.default\">\n\t\t\t\t<div class=\"elementor-widget-container\">\n\t\t\t\t\t<h1 class=\"elementor-heading-title elementor-size-default\">COSTA RICA Oficina<\/h1>\t\t\t\t<\/div>\n\t\t\t\t<\/div>\n\t\t\t\t<div class=\"elementor-element elementor-element-2f42424b elementor-widget-divider--view-line elementor-widget elementor-widget-divider\" data-id=\"2f42424b\" data-element_type=\"widget\" data-e-type=\"widget\" data-widget_type=\"divider.default\">\n\t\t\t\t<div class=\"elementor-widget-container\">\n\t\t\t\t\t\t\t<div class=\"elementor-divider\">\n\t\t\t<span class=\"elementor-divider-separator\">\n\t\t\t\t\t\t<\/span>\n\t\t<\/div>\n\t\t\t\t\t\t<\/div>\n\t\t\t\t<\/div>\n\t\t\t\t\t<\/div>\n\t\t\t\t<\/div>\n\t\t<div class=\"elementor-element elementor-element-3e410b31 e-flex e-con-boxed e-con e-parent\" data-id=\"3e410b31\" data-element_type=\"container\" data-e-type=\"container\">\n\t\t\t\t\t<div class=\"e-con-inner\">\n\t\t\t\t<div class=\"elementor-element elementor-element-3bfb6b1a elementor-widget elementor-widget-text-editor\" data-id=\"3bfb6b1a\" data-element_type=\"widget\" data-e-type=\"widget\" data-widget_type=\"text-editor.default\">\n\t\t\t\t<div class=\"elementor-widget-container\">\n\t\t\t\t\t\t\t\t\tNos complace anunciar la apertura de las oficinas de Pocket Link en Costa Rica a partir del 1ero de septiembre de 2018. La oficina ofrecer\u00e1 nuestro software m\u00f3vil ASKI y la experiencia de servicio global a los mercados de Costa Rica y Am\u00e9rica Central.\n\nPocket Link se especializa en aplicaciones m\u00f3viles para Ventas y Entregas y cuenta con m\u00e1s de 500 clientes en todo el mundo. Brindamos una soluci\u00f3n m\u00f3vil para la toma de pedidos inteligentes, impresi\u00f3n de facturas, venta desde el cami\u00f3n o capturar el comprobante de entrega. Atr\u00e1s quedaron los d\u00edas de las hojas de papel para \u00f3rdenes y facturas.\n\nLos bienes de consumo de alta rotaci\u00f3n se venden de forma m\u00e1s r\u00e1pida y a un costo relativamente bajo. Para tener un ambiente de ventas tan eficiente, los conductores y representantes de ventas deben ser m\u00e1s efectivos. El software de Pocket Link le permitir\u00e1 hacer que cada visita al cliente sea r\u00e1pida, efectiva y con mejores resultados.\n\nCon nuestra nueva oficina en San Jos\u00e9, ahora ofrecemos servicios locales de ventas, soporte e implementaci\u00f3n. Sabemos que el mercado costarricense est\u00e1 lleno de desaf\u00edos diarios para los representantes de ventas, pero ASKI SFA marcar\u00e1 la diferencia para los fabricantes, importadores y distribuidores en Costa Rica.\t\t\t\t\t\t\t\t<\/div>\n\t\t\t\t<\/div>\n\t\t\t\t\t<\/div>\n\t\t\t\t<\/div>\n\t\t<div class=\"elementor-element elementor-element-a06a8ed e-flex e-con-boxed e-con e-parent\" data-id=\"a06a8ed\" data-element_type=\"container\" data-e-type=\"container\" data-settings=\"{&quot;background_background&quot;:&quot;classic&quot;}\">\n\t\t\t\t\t<div class=\"e-con-inner\">\n\t\t<div class=\"elementor-element elementor-element-4c7f29c8 e-con-full e-flex e-con e-child\" data-id=\"4c7f29c8\" data-element_type=\"container\" data-e-type=\"container\">\n\t\t\t\t<div class=\"elementor-element elementor-element-240314ce elementor-widget elementor-widget-image\" data-id=\"240314ce\" data-element_type=\"widget\" data-e-type=\"widget\" data-widget_type=\"image.default\">\n\t\t\t\t<div class=\"elementor-widget-container\">\n\t\t\t\t\t\t\t\t\t\t\t\t\t\t\t<img fetchpriority=\"high\" decoding=\"async\" width=\"768\" height=\"937\" src=\"https:\/\/www.askisfa.com\/wp-content\/uploads\/2023\/11\/PCT-SITE_LOCAT_PIC_COSTA-R-768x937.jpg\" class=\"attachment-medium_large size-medium_large wp-image-2512\" alt=\"\" srcset=\"https:\/\/www.askisfa.com\/wp-content\/uploads\/2023\/11\/PCT-SITE_LOCAT_PIC_COSTA-R-768x937.jpg 768w, https:\/\/www.askisfa.com\/wp-content\/uploads\/2023\/11\/PCT-SITE_LOCAT_PIC_COSTA-R-246x300.jpg 246w, https:\/\/www.askisfa.com\/wp-content\/uploads\/2023\/11\/PCT-SITE_LOCAT_PIC_COSTA-R-840x1024.jpg 840w, https:\/\/www.askisfa.com\/wp-content\/uploads\/2023\/11\/PCT-SITE_LOCAT_PIC_COSTA-R-1259x1536.jpg 1259w, https:\/\/www.askisfa.com\/wp-content\/uploads\/2023\/11\/PCT-SITE_LOCAT_PIC_COSTA-R-1679x2048.jpg 1679w, https:\/\/www.askisfa.com\/wp-content\/uploads\/2023\/11\/PCT-SITE_LOCAT_PIC_COSTA-R.jpg 1971w\" sizes=\"(max-width: 768px) 100vw, 768px\" \/>\t\t\t\t\t\t\t\t\t\t\t\t\t\t\t<\/div>\n\t\t\t\t<\/div>\n\t\t\t\t<\/div>\n\t\t<div class=\"elementor-element elementor-element-297599f1 e-con-full e-flex e-con e-child\" data-id=\"297599f1\" data-element_type=\"container\" data-e-type=\"container\">\n\t\t\t\t<div class=\"elementor-element elementor-element-5e0b805d elementor-widget elementor-widget-heading\" data-id=\"5e0b805d\" data-element_type=\"widget\" data-e-type=\"widget\" data-widget_type=\"heading.default\">\n\t\t\t\t<div class=\"elementor-widget-container\">\n\t\t\t\t\t<div class=\"elementor-heading-title elementor-size-default\">A la espera de saber de usted,<\/div>\t\t\t\t<\/div>\n\t\t\t\t<\/div>\n\t\t\t\t<div class=\"elementor-element elementor-element-3b003418 elementor-widget elementor-widget-heading\" data-id=\"3b003418\" data-element_type=\"widget\" data-e-type=\"widget\" data-widget_type=\"heading.default\">\n\t\t\t\t<div class=\"elementor-widget-container\">\n\t\t\t\t\t<h3 class=\"elementor-heading-title elementor-size-default\">Karla Alvarado Pacheco<\/h3>\t\t\t\t<\/div>\n\t\t\t\t<\/div>\n\t\t\t\t<div class=\"elementor-element elementor-element-2e2de4b5 elementor-widget elementor-widget-text-editor\" data-id=\"2e2de4b5\" data-element_type=\"widget\" data-e-type=\"widget\" data-widget_type=\"text-editor.default\">\n\t\t\t\t<div class=\"elementor-widget-container\">\n\t\t\t\t\t\t\t\t\t<p><strong>Gerente de pa\u00eds \u2013 Costa Rica<\/strong><\/p><p><strong>PocketLink America Central<\/strong><\/p><p><strong>Correo electr\u00f3nico: Karla.alvarado@askisfa.com<\/strong><\/p><p><strong>Mobile: 506-8384-2811<\/strong><\/p><p><strong>Office: 506-2506-3810<\/strong><\/p>\t\t\t\t\t\t\t\t<\/div>\n\t\t\t\t<\/div>\n\t\t\t\t<div class=\"elementor-element elementor-element-52728348 elementor-widget elementor-widget-button\" data-id=\"52728348\" data-element_type=\"widget\" data-e-type=\"widget\" data-widget_type=\"button.default\">\n\t\t\t\t<div class=\"elementor-widget-container\">\n\t\t\t\t\t\t\t\t\t<div class=\"elementor-button-wrapper\">\n\t\t\t\t\t<a class=\"elementor-button elementor-button-link elementor-size-sm\" href=\"https:\/\/www.linkedin.com\/in\/karlaalvaradop\/\" target=\"_blank\">\n\t\t\t\t\t\t<span class=\"elementor-button-content-wrapper\">\n\t\t\t\t\t\t\t\t\t<span class=\"elementor-button-text\">LINKEDIN PAGE<\/span>\n\t\t\t\t\t<\/span>\n\t\t\t\t\t<\/a>\n\t\t\t\t<\/div>\n\t\t\t\t\t\t\t\t<\/div>\n\t\t\t\t<\/div>\n\t\t\t\t<\/div>\n\t\t\t\t\t<\/div>\n\t\t\t\t<\/div>\n\t\t<div class=\"elementor-element elementor-element-1c26b058 e-flex e-con-boxed e-con e-parent\" data-id=\"1c26b058\" data-element_type=\"container\" data-e-type=\"container\">\n\t\t\t\t\t<div class=\"e-con-inner\">\n\t\t<div class=\"elementor-element elementor-element-72b8fb38 e-con-full e-flex e-con e-child\" data-id=\"72b8fb38\" data-element_type=\"container\" data-e-type=\"container\" data-settings=\"{&quot;background_background&quot;:&quot;classic&quot;,&quot;position&quot;:&quot;absolute&quot;}\">\n\t\t\t\t<div class=\"elementor-element elementor-element-18ae25a0 elementor-widget elementor-widget-heading\" data-id=\"18ae25a0\" data-element_type=\"widget\" data-e-type=\"widget\" data-widget_type=\"heading.default\">\n\t\t\t\t<div class=\"elementor-widget-container\">\n\t\t\t\t\t<h2 class=\"elementor-heading-title elementor-size-default\">Contactanos<\/h2>\t\t\t\t<\/div>\n\t\t\t\t<\/div>\n\t\t\t\t<div class=\"elementor-element elementor-element-44258a25 elementor-widget-divider--view-line elementor-widget elementor-widget-divider\" data-id=\"44258a25\" data-element_type=\"widget\" data-e-type=\"widget\" data-widget_type=\"divider.default\">\n\t\t\t\t<div class=\"elementor-widget-container\">\n\t\t\t\t\t\t\t<div class=\"elementor-divider\">\n\t\t\t<span class=\"elementor-divider-separator\">\n\t\t\t\t\t\t<\/span>\n\t\t<\/div>\n\t\t\t\t\t\t<\/div>\n\t\t\t\t<\/div>\n\t\t\t\t<div class=\"elementor-element elementor-element-4341049d elementor-button-align-start elementor-widget elementor-widget-form\" data-id=\"4341049d\" data-element_type=\"widget\" data-e-type=\"widget\" data-settings=\"{&quot;step_next_label&quot;:&quot;Next&quot;,&quot;step_previous_label&quot;:&quot;Previous&quot;,&quot;button_width&quot;:&quot;100&quot;,&quot;step_type&quot;:&quot;number_text&quot;,&quot;step_icon_shape&quot;:&quot;circle&quot;}\" data-widget_type=\"form.default\">\n\t\t\t\t<div class=\"elementor-widget-container\">\n\t\t\t\t\t\t\t<form class=\"elementor-form\" method=\"post\" name=\"COSTA  FORM ES\">\n\t\t\t<input type=\"hidden\" name=\"post_id\" value=\"834\"\/>\n\t\t\t<input type=\"hidden\" name=\"form_id\" value=\"4341049d\"\/>\n\t\t\t<input type=\"hidden\" name=\"referer_title\" value=\"Pocketlink\" \/>\n\n\t\t\t\n\t\t\t<div class=\"elementor-form-fields-wrapper elementor-labels-\">\n\t\t\t\t\t\t\t\t<div class=\"elementor-field-type-text elementor-field-group elementor-column elementor-field-group-name elementor-col-100\">\n\t\t\t\t\t\t\t\t\t\t\t\t<label for=\"form-field-name\" class=\"elementor-field-label elementor-screen-only\">\n\t\t\t\t\t\t\t\tNombre\t\t\t\t\t\t\t<\/label>\n\t\t\t\t\t\t\t\t\t\t\t\t\t\t<input size=\"1\" type=\"text\" name=\"form_fields[name]\" id=\"form-field-name\" class=\"elementor-field elementor-size-sm  elementor-field-textual\" placeholder=\"Nombre*\">\n\t\t\t\t\t\t\t\t\t\t\t<\/div>\n\t\t\t\t\t\t\t\t<div class=\"elementor-field-type-text elementor-field-group elementor-column elementor-field-group-field_35c3c02 elementor-col-100 elementor-field-required\">\n\t\t\t\t\t\t\t\t\t\t\t\t<label for=\"form-field-field_35c3c02\" class=\"elementor-field-label elementor-screen-only\">\n\t\t\t\t\t\t\t\tEmpresa\t\t\t\t\t\t\t<\/label>\n\t\t\t\t\t\t\t\t\t\t\t\t\t\t<input size=\"1\" type=\"text\" name=\"form_fields[field_35c3c02]\" id=\"form-field-field_35c3c02\" class=\"elementor-field elementor-size-sm  elementor-field-textual\" placeholder=\"Empresa*\" required=\"required\">\n\t\t\t\t\t\t\t\t\t\t\t<\/div>\n\t\t\t\t\t\t\t\t<div class=\"elementor-field-type-email elementor-field-group elementor-column elementor-field-group-email elementor-col-100 elementor-field-required\">\n\t\t\t\t\t\t\t\t\t\t\t\t<label for=\"form-field-email\" class=\"elementor-field-label elementor-screen-only\">\n\t\t\t\t\t\t\t\tE-mail\t\t\t\t\t\t\t<\/label>\n\t\t\t\t\t\t\t\t\t\t\t\t\t\t<input size=\"1\" type=\"email\" name=\"form_fields[email]\" id=\"form-field-email\" class=\"elementor-field elementor-size-sm  elementor-field-textual\" placeholder=\"E-mail*\" required=\"required\">\n\t\t\t\t\t\t\t\t\t\t\t<\/div>\n\t\t\t\t\t\t\t\t<div class=\"elementor-field-type-tel elementor-field-group elementor-column elementor-field-group-field_a27a910 elementor-col-100 elementor-field-required\">\n\t\t\t\t\t\t\t\t\t\t\t\t<label for=\"form-field-field_a27a910\" class=\"elementor-field-label elementor-screen-only\">\n\t\t\t\t\t\t\t\tTelefono\t\t\t\t\t\t\t<\/label>\n\t\t\t\t\t\t\t\t<input size=\"1\" type=\"tel\" name=\"form_fields[field_a27a910]\" id=\"form-field-field_a27a910\" class=\"elementor-field elementor-size-sm  elementor-field-textual\" placeholder=\"Telefono*\" required=\"required\" pattern=\"[0-9()#&amp;+*-=.]+\" title=\"Solo se aceptan n\u00fameros y caracteres de tel\u00e9fono (#,-,*,etc).\">\n\n\t\t\t\t\t\t<\/div>\n\t\t\t\t\t\t\t\t<div class=\"elementor-field-type-textarea elementor-field-group elementor-column elementor-field-group-message elementor-col-100\">\n\t\t\t\t\t\t\t\t\t\t\t\t<label for=\"form-field-message\" class=\"elementor-field-label elementor-screen-only\">\n\t\t\t\t\t\t\t\tMenasje\t\t\t\t\t\t\t<\/label>\n\t\t\t\t\t\t<textarea class=\"elementor-field-textual elementor-field  elementor-size-sm\" name=\"form_fields[message]\" id=\"form-field-message\" rows=\"1\" placeholder=\"Menasje*\"><\/textarea>\t\t\t\t<\/div>\n\t\t\t\t\t\t\t\t<div class=\"elementor-field-group elementor-column elementor-field-type-submit elementor-col-100 e-form__buttons\">\n\t\t\t\t\t<button class=\"elementor-button elementor-size-sm\" type=\"submit\">\n\t\t\t\t\t\t<span class=\"elementor-button-content-wrapper\">\n\t\t\t\t\t\t\t\t\t\t\t\t\t\t\t\t\t\t\t\t\t\t<span class=\"elementor-button-text\">Enviar<\/span>\n\t\t\t\t\t\t\t\t\t\t\t\t\t<\/span>\n\t\t\t\t\t<\/button>\n\t\t\t\t<\/div>\n\t\t\t<\/div>\n\t\t<\/form>\n\t\t\t\t\t\t<\/div>\n\t\t\t\t<\/div>\n\t\t\t\t<\/div>\n\t\t\t\t\t<\/div>\n\t\t\t\t<\/div>\n\t\t\t\t<\/div>\n\t\t","protected":false},"excerpt":{"rendered":"<p>Nos complace anunciar la apertura de las oficinas de Pocket Link en Costa Rica a partir del 1ero de septiembre de 2018. La oficina ofrecer\u00e1 nuestro software m\u00f3vil ASKI y la experiencia de servicio global a los mercados de Costa Rica y Am\u00e9rica Central. Pocket Link se especializa en aplicaciones m\u00f3viles para Ventas y Entregas [&hellip;]<\/p>\n","protected":false},"author":2,"featured_media":2512,"parent":0,"menu_order":63,"comment_status":"closed","ping_status":"closed","template":"","meta":{"footnotes":""},"class_list":["post-834","page","type-page","status-publish","has-post-thumbnail","hentry"],"yoast_head":"<!-- This site is optimized with the Yoast SEO plugin v27.1.1 - https:\/\/yoast.com\/product\/yoast-seo-wordpress\/ -->\n<title>COSTA RICA Oficina - Pocketlink<\/title>\n<meta name=\"robots\" content=\"index, follow, max-snippet:-1, max-image-preview:large, max-video-preview:-1\" \/>\n<link rel=\"canonical\" href=\"https:\/\/www.askisfa.com\/es\/costa-rica-office\/\" \/>\n<meta property=\"og:locale\" content=\"es_ES\" \/>\n<meta property=\"og:type\" content=\"article\" \/>\n<meta property=\"og:title\" content=\"COSTA RICA Oficina - Pocketlink\" \/>\n<meta property=\"og:description\" content=\"Nos complace anunciar la apertura de las oficinas de Pocket Link en Costa Rica a partir del 1ero de septiembre de 2018. La oficina ofrecer\u00e1 nuestro software m\u00f3vil ASKI y la experiencia de servicio global a los mercados de Costa Rica y Am\u00e9rica Central. Pocket Link se especializa en aplicaciones m\u00f3viles para Ventas y Entregas [&hellip;]\" \/>\n<meta property=\"og:url\" content=\"https:\/\/www.askisfa.com\/es\/costa-rica-office\/\" \/>\n<meta property=\"og:site_name\" content=\"Pocketlink\" \/>\n<meta property=\"article:modified_time\" content=\"2025-01-07T16:30:46+00:00\" \/>\n<meta property=\"og:image\" content=\"https:\/\/www.askisfa.com\/wp-content\/uploads\/2023\/11\/PCT-SITE_LOCAT_PIC_COSTA-R.jpg\" \/>\n\t<meta property=\"og:image:width\" content=\"1971\" \/>\n\t<meta property=\"og:image:height\" content=\"2404\" \/>\n\t<meta property=\"og:image:type\" content=\"image\/jpeg\" \/>\n<meta name=\"twitter:card\" content=\"summary_large_image\" \/>\n<meta name=\"twitter:label1\" content=\"Tiempo de lectura\" \/>\n\t<meta name=\"twitter:data1\" content=\"1 minuto\" \/>\n<script type=\"application\/ld+json\" class=\"yoast-schema-graph\">{\"@context\":\"https:\/\/schema.org\",\"@graph\":[{\"@type\":\"WebPage\",\"@id\":\"https:\/\/www.askisfa.com\/es\/costa-rica-office\/\",\"url\":\"https:\/\/www.askisfa.com\/es\/costa-rica-office\/\",\"name\":\"COSTA RICA Oficina - Pocketlink\",\"isPartOf\":{\"@id\":\"https:\/\/www.askisfa.com\/es\/#website\"},\"primaryImageOfPage\":{\"@id\":\"https:\/\/www.askisfa.com\/es\/costa-rica-office\/#primaryimage\"},\"image\":{\"@id\":\"https:\/\/www.askisfa.com\/es\/costa-rica-office\/#primaryimage\"},\"thumbnailUrl\":\"https:\/\/www.askisfa.com\/wp-content\/uploads\/2023\/11\/PCT-SITE_LOCAT_PIC_COSTA-R.jpg\",\"datePublished\":\"2018-08-29T02:07:49+00:00\",\"dateModified\":\"2025-01-07T16:30:46+00:00\",\"breadcrumb\":{\"@id\":\"https:\/\/www.askisfa.com\/es\/costa-rica-office\/#breadcrumb\"},\"inLanguage\":\"es\",\"potentialAction\":[{\"@type\":\"ReadAction\",\"target\":[\"https:\/\/www.askisfa.com\/es\/costa-rica-office\/\"]}]},{\"@type\":\"ImageObject\",\"inLanguage\":\"es\",\"@id\":\"https:\/\/www.askisfa.com\/es\/costa-rica-office\/#primaryimage\",\"url\":\"https:\/\/www.askisfa.com\/wp-content\/uploads\/2023\/11\/PCT-SITE_LOCAT_PIC_COSTA-R.jpg\",\"contentUrl\":\"https:\/\/www.askisfa.com\/wp-content\/uploads\/2023\/11\/PCT-SITE_LOCAT_PIC_COSTA-R.jpg\",\"width\":\"1971\",\"height\":\"2404\"},{\"@type\":\"BreadcrumbList\",\"@id\":\"https:\/\/www.askisfa.com\/es\/costa-rica-office\/#breadcrumb\",\"itemListElement\":[{\"@type\":\"ListItem\",\"position\":1,\"name\":\"Home\",\"item\":\"https:\/\/www.askisfa.com\/es\/\"},{\"@type\":\"ListItem\",\"position\":2,\"name\":\"COSTA RICA Oficina\"}]},{\"@type\":\"WebSite\",\"@id\":\"https:\/\/www.askisfa.com\/es\/#website\",\"url\":\"https:\/\/www.askisfa.com\/es\/\",\"name\":\"Pocketlink\",\"description\":\"ASKI is the most advanced all-in-one, goal oriented, and analytical software solution for field sales reps and delivery drivers.  ASKI enhances sales capabilities by combining 3 advanced systems ASKI SFA \u2013 ASKI POD \u2013 ASKI TMS\",\"publisher\":{\"@id\":\"https:\/\/www.askisfa.com\/es\/#organization\"},\"potentialAction\":[{\"@type\":\"SearchAction\",\"target\":{\"@type\":\"EntryPoint\",\"urlTemplate\":\"https:\/\/www.askisfa.com\/es\/?s={search_term_string}\"},\"query-input\":{\"@type\":\"PropertyValueSpecification\",\"valueRequired\":true,\"valueName\":\"search_term_string\"}}],\"inLanguage\":\"es\"},{\"@type\":\"Organization\",\"@id\":\"https:\/\/www.askisfa.com\/es\/#organization\",\"name\":\"Pocketlink\",\"url\":\"https:\/\/www.askisfa.com\/es\/\",\"logo\":{\"@type\":\"ImageObject\",\"inLanguage\":\"es\",\"@id\":\"https:\/\/www.askisfa.com\/es\/#\/schema\/logo\/image\/\",\"url\":\"https:\/\/www.askisfa.com\/wp-content\/uploads\/2024\/12\/pocketlink-new-logo.svg\",\"contentUrl\":\"https:\/\/www.askisfa.com\/wp-content\/uploads\/2024\/12\/pocketlink-new-logo.svg\",\"width\":707,\"height\":139,\"caption\":\"Pocketlink\"},\"image\":{\"@id\":\"https:\/\/www.askisfa.com\/es\/#\/schema\/logo\/image\/\"}}]}<\/script>\n<!-- \/ Yoast SEO plugin. -->","yoast_head_json":{"title":"COSTA RICA Oficina - Pocketlink","robots":{"index":"index","follow":"follow","max-snippet":"max-snippet:-1","max-image-preview":"max-image-preview:large","max-video-preview":"max-video-preview:-1"},"canonical":"https:\/\/www.askisfa.com\/es\/costa-rica-office\/","og_locale":"es_ES","og_type":"article","og_title":"COSTA RICA Oficina - Pocketlink","og_description":"Nos complace anunciar la apertura de las oficinas de Pocket Link en Costa Rica a partir del 1ero de septiembre de 2018. La oficina ofrecer\u00e1 nuestro software m\u00f3vil ASKI y la experiencia de servicio global a los mercados de Costa Rica y Am\u00e9rica Central. Pocket Link se especializa en aplicaciones m\u00f3viles para Ventas y Entregas [&hellip;]","og_url":"https:\/\/www.askisfa.com\/es\/costa-rica-office\/","og_site_name":"Pocketlink","article_modified_time":"2025-01-07T16:30:46+00:00","og_image":[{"width":1971,"height":2404,"url":"https:\/\/www.askisfa.com\/wp-content\/uploads\/2023\/11\/PCT-SITE_LOCAT_PIC_COSTA-R.jpg","type":"image\/jpeg"}],"twitter_card":"summary_large_image","twitter_misc":{"Tiempo de lectura":"1 minuto"},"schema":{"@context":"https:\/\/schema.org","@graph":[{"@type":"WebPage","@id":"https:\/\/www.askisfa.com\/es\/costa-rica-office\/","url":"https:\/\/www.askisfa.com\/es\/costa-rica-office\/","name":"COSTA RICA Oficina - Pocketlink","isPartOf":{"@id":"https:\/\/www.askisfa.com\/es\/#website"},"primaryImageOfPage":{"@id":"https:\/\/www.askisfa.com\/es\/costa-rica-office\/#primaryimage"},"image":{"@id":"https:\/\/www.askisfa.com\/es\/costa-rica-office\/#primaryimage"},"thumbnailUrl":"https:\/\/www.askisfa.com\/wp-content\/uploads\/2023\/11\/PCT-SITE_LOCAT_PIC_COSTA-R.jpg","datePublished":"2018-08-29T02:07:49+00:00","dateModified":"2025-01-07T16:30:46+00:00","breadcrumb":{"@id":"https:\/\/www.askisfa.com\/es\/costa-rica-office\/#breadcrumb"},"inLanguage":"es","potentialAction":[{"@type":"ReadAction","target":["https:\/\/www.askisfa.com\/es\/costa-rica-office\/"]}]},{"@type":"ImageObject","inLanguage":"es","@id":"https:\/\/www.askisfa.com\/es\/costa-rica-office\/#primaryimage","url":"https:\/\/www.askisfa.com\/wp-content\/uploads\/2023\/11\/PCT-SITE_LOCAT_PIC_COSTA-R.jpg","contentUrl":"https:\/\/www.askisfa.com\/wp-content\/uploads\/2023\/11\/PCT-SITE_LOCAT_PIC_COSTA-R.jpg","width":"1971","height":"2404"},{"@type":"BreadcrumbList","@id":"https:\/\/www.askisfa.com\/es\/costa-rica-office\/#breadcrumb","itemListElement":[{"@type":"ListItem","position":1,"name":"Home","item":"https:\/\/www.askisfa.com\/es\/"},{"@type":"ListItem","position":2,"name":"COSTA RICA Oficina"}]},{"@type":"WebSite","@id":"https:\/\/www.askisfa.com\/es\/#website","url":"https:\/\/www.askisfa.com\/es\/","name":"Pocketlink","description":"ASKI is the most advanced all-in-one, goal oriented, and analytical software solution for field sales reps and delivery drivers.  ASKI enhances sales capabilities by combining 3 advanced systems ASKI SFA \u2013 ASKI POD \u2013 ASKI TMS","publisher":{"@id":"https:\/\/www.askisfa.com\/es\/#organization"},"potentialAction":[{"@type":"SearchAction","target":{"@type":"EntryPoint","urlTemplate":"https:\/\/www.askisfa.com\/es\/?s={search_term_string}"},"query-input":{"@type":"PropertyValueSpecification","valueRequired":true,"valueName":"search_term_string"}}],"inLanguage":"es"},{"@type":"Organization","@id":"https:\/\/www.askisfa.com\/es\/#organization","name":"Pocketlink","url":"https:\/\/www.askisfa.com\/es\/","logo":{"@type":"ImageObject","inLanguage":"es","@id":"https:\/\/www.askisfa.com\/es\/#\/schema\/logo\/image\/","url":"https:\/\/www.askisfa.com\/wp-content\/uploads\/2024\/12\/pocketlink-new-logo.svg","contentUrl":"https:\/\/www.askisfa.com\/wp-content\/uploads\/2024\/12\/pocketlink-new-logo.svg","width":707,"height":139,"caption":"Pocketlink"},"image":{"@id":"https:\/\/www.askisfa.com\/es\/#\/schema\/logo\/image\/"}}]}},"_links":{"self":[{"href":"https:\/\/www.askisfa.com\/es\/wp-json\/wp\/v2\/pages\/834","targetHints":{"allow":["GET"]}}],"collection":[{"href":"https:\/\/www.askisfa.com\/es\/wp-json\/wp\/v2\/pages"}],"about":[{"href":"https:\/\/www.askisfa.com\/es\/wp-json\/wp\/v2\/types\/page"}],"author":[{"embeddable":true,"href":"https:\/\/www.askisfa.com\/es\/wp-json\/wp\/v2\/users\/2"}],"replies":[{"embeddable":true,"href":"https:\/\/www.askisfa.com\/es\/wp-json\/wp\/v2\/comments?post=834"}],"version-history":[{"count":18,"href":"https:\/\/www.askisfa.com\/es\/wp-json\/wp\/v2\/pages\/834\/revisions"}],"predecessor-version":[{"id":5617,"href":"https:\/\/www.askisfa.com\/es\/wp-json\/wp\/v2\/pages\/834\/revisions\/5617"}],"wp:featuredmedia":[{"embeddable":true,"href":"https:\/\/www.askisfa.com\/es\/wp-json\/wp\/v2\/media\/2512"}],"wp:attachment":[{"href":"https:\/\/www.askisfa.com\/es\/wp-json\/wp\/v2\/media?parent=834"}],"curies":[{"name":"wp","href":"https:\/\/api.w.org\/{rel}","templated":true}]}}